{"id":352,"date":"2024-04-10T14:29:12","date_gmt":"2024-04-10T12:29:12","guid":{"rendered":"https:\/\/pozzoliholding.ch\/cookie-policy\/"},"modified":"2024-04-10T15:15:17","modified_gmt":"2024-04-10T13:15:17","slug":"cookie-policy","status":"publish","type":"page","link":"https:\/\/www.pozzoliholding.ch\/en\/cookie-policy\/","title":{"rendered":"Cookie policy"},"content":{"rendered":"<section class=\"wpb-content-wrapper\"><section data-vc-full-width=\"true\" data-vc-full-width-init=\"false\" data-vc-stretch-content=\"true\" class=\"vc_row wpb_row vc_row-fluid  vc_custom_1712752165147 vc_row-has-fill pofo-stretch-content vc_row-no-padding vc_row-o-content-bottom vc_row-flex pofo-row-responsive-69f581f9a142b\" style=\"min-height: 600px;\"><div class=\"wpb_column vc_column_container vc_col-sm-12  col-xs-mobile-fullwidth\"><div class=\"vc_column-inner \"><div class=\"wpb_wrapper\"><div class=\"vc_row wpb_row vc_inner vc_row-fluid   vc_row-o-content-bottom vc_row-flex\"><div class=\"wpb_column vc_column_container vc_col-sm-12  col-xs-mobile-fullwidth wow fadeIn text-center md-text-center sm-text-center xs-text-center pofo-column-responsive-69f581f9a168f\" data-wow-delay= 300ms><div class=\"vc_column-inner vc_custom_1712751583303\"><div class=\"wpb_wrapper\"><div class=\"last-paragraph-no-margin\" style=\"color: #ffffff;\"><h1>COOKIE POLICY<\/h1>\n<\/div><\/div><\/div><\/div><\/div><\/div><\/div><\/div><\/section><div class=\"vc_row-full-width vc_clearfix\"><\/div><section data-vc-full-width=\"true\" data-vc-full-width-init=\"false\" class=\"vc_row wpb_row vc_row-fluid  vc_custom_1712751559531 pofo-stretch-content pofo-stretch-row-container vc_row-o-content-bottom vc_row-flex pofo-row-responsive-69f581f9a17cb\"><div class=\"wpb_column vc_column_container vc_col-sm-12  col-xs-mobile-fullwidth wow fadeIn\" data-wow-delay= 300ms><div class=\"vc_column-inner \"><div class=\"wpb_wrapper\"><div class=\"last-paragraph-no-margin\"><p>La presente \u201cinformativa\u201d sul trattamento dei dati personali rispetta quanto previsto dalla Legge Federale sulla Protezione dei dati (\u00abart 19 LPD\u00bb) e dalla legge sulle telecomunicazioni LTC art 45c.<\/p>\n<p>In questa Informativa sono riportate le informazioni sul trattamento dei dati dell\u2019utente effettuato dal Titolare del Trattamento (in seguito meglio definito) che, segnatamente, tramite il nostro sito web interagisce con noi.<\/p>\n<p>Questi siti web utilizzano i <strong>cookie<\/strong>.<\/p>\n<ul>\n<li><a href=\"https:\/\/pozzoliholding.ch\/en\/\">https:\/\/pozzoliholding.ch\/<\/a><\/li>\n<li><a href=\"https:\/\/ttssa.ch\/\">https:\/\/ttssa.ch\/<\/a><\/li>\n<li><a href=\"https:\/\/www.bluebirdind.ch\/it\/\">https:\/\/www.bluebirdind.ch\/it\/<\/a><\/li>\n<li><a href=\"https:\/\/lares-sagl.ch\/\">https:\/\/lares-sagl.ch\/<\/a><\/li>\n<\/ul>\n<p>Utilizziamo i cookie per necessit\u00e0 tecniche di navigazione (sempre attivi), per personalizzare i contenuti, per annunci, per fornire funzioni di social media e per analizzare il nostro traffico.<\/p>\n<p>I cookie sono piccoli file di dati salvati di norma sul computer\/browser dell\u2019utente.<\/p>\n<p>Per maggiori informazioni sui cookie, si prega di visitare questo sito: \u00a0<a href=\"https:\/\/allaboutcookies.org\/\">https:\/\/allaboutcookies.org\/<\/a><\/p>\n<p>Questa cookie policy \u00e8 collegata alla privacy policy del nostro sito web, che pu\u00f2 essere consultata qui: <a href=\"http:\/\/www.ttssa.ch\">LINK <\/a><\/p>\n<ol>\n<li><strong> IDENTIT\u00c0 E CONTATTI DEL TITOLARE DEL TRATTAMENTO<\/strong><\/li>\n<\/ol>\n<p>L\u2019entit\u00e0 che determina le finalit\u00e0 e i mezzi del presente trattamento di dati personali \u00e8 <strong>TTS Ticino Truck Service SA<\/strong>, una societ\u00e0 di diritto svizzero con sede legale in <strong>Via Cantonale 67 6805 Mezzovico <\/strong>(nel seguito definita anche \u201c<strong>TTS<\/strong>\u201d o \u201cTitolare del trattamento\u201d o \u201cSociet\u00e0\u201d).<\/p>\n<p>Il Titolare del trattamento dei dati pu\u00f2 essere contattato scrivendo alla seguente e-mail: <a href=\"mailto:privacy@ttssa.ch\">privacy@ttssa.ch<\/a><\/p>\n<ol start=\"2\">\n<li><strong> ESEMPI DI TECNOLOGIE ANALOGHE<\/strong><\/li>\n<\/ol>\n<p>Il tracciamento della navigazione online degli utenti pu\u00f2 essere effettuato anche con tecnologie simili ai cookies. Di seguito alcuni esempi.<\/p>\n<p><u>Localstorage<\/u><\/p>\n<p>\u00e8 una tecnologia utilizzata per ottimizzare la navigazione, che non raccoglie dati sulle preferenze manifestate dall\u2019utente (p.es. memorizza un codice che identifica la sessione dell\u2019utente dopo il login, per evitare che l\u2019utente debba inserire username e password in ogni pagina del profilo nell\u2019accesso alle aree riservate.<\/p>\n<p><u>Tracking pixel<\/u><\/p>\n<p>\u201cCodice di tracciamento\u201d o \u201ccodice di monitoraggio\u201d, \u00e8 per l\u2019appunto una piccola porzione di codice che viene rilasciata da alcuni sistemi con lo scopo di essere implementato in altri per tracciare alcuni dati relativi all\u2019utente e alla sua sessione di navigazione o di apertura delle e-mail, in maniera totalmente trasparente all\u2019utente stesso. I dati che vengono tracciati possono essere i pi\u00f9 diversi, come il giorno e l\u2019ora, la posizione geografica, il tipo di dispositivo adottato per la navigazione, fino ad arrivare nei pixel di tracking pi\u00f9 complessi a monitorare il valore speso per un ordine di acquisto ed altre informazioni utili per i reparti marketing delle aziende che li utilizzano.<\/p>\n<p><u>Plugin<\/u><\/p>\n<p>\u00e8 un programma che interagisce con un altro programma per ampliarne o estenderne le funzionalit\u00e0 originarie. I plugin maggiormente utilizzati sono quelli dei social network, che permettono p.es. all\u2019utente seguire con un click una pagina o un profilo social, di indicare con un click che ha gradito un contenuto web e di condividerlo sul proprio profilo social network, ecc.<\/p>\n<p><u>Widget<\/u><\/p>\n<p>\u00e8 un componente grafico di interfaccia utente di un programma, che ha lo scopo di facilitare all&#8217;utente l&#8217;interazione con il programma stesso. I widget maggiormente utilizzati sono quelli dei social network, che permettono agli utenti di aprire in modo agevole in una finestra separata del browser i social network.<\/p>\n<p>Questi servizi permettono di effettuare interazioni con i social network, o con altre piattaforme esterne, direttamente dalle pagine di un sito. Le interazioni e le informazioni eventualmente acquisite dal sito sono soggette alle impostazioni privacy del terzo che ha creato le tecnologie suddette. Per ricevere informazioni dettagliate ai sensi dell\u2019art. 19 della nuova legge federale sulla Protezione dei Dati Personali, in merito all\u2019utilizzo dei dati personali trattati quando usufruisci di queste tecnologie, ti invitiamo a visitare i siti internet dei terzi gestori delle suddette tecnologie.<\/p>\n<ol start=\"3\">\n<li><strong> GESTIONE DEI COOKIE <\/strong><\/li>\n<\/ol>\n<p>Ricordati che puoi gestire le tue preferenze sui cookie anche attraverso il browser.<\/p>\n<p>Se non conosci il tipo e la versione di browser che stai utilizzando, clicca su \u201cAiuto\u201d nella finestra del browser in alto, da cui puoi accedere a tutte le informazioni necessarie. Se invece conosci il tuo browser, accedi alla pagina dedicata alla gestione dei cookie.\u00a0 Gli Utenti possono, per esempio, trovare informazioni su come gestire i Cookie in alcuni dei browser pi\u00f9 diffusi ai seguenti indirizzi.<\/p>\n<p>&nbsp;<\/p>\n<table width=\"100%\">\n<tbody>\n<tr>\n<td width=\"30%\">Mozilla Firefox<\/td>\n<td width=\"70%\">\n<p><a href=\"https:\/\/support.mozilla.org\/it\/kb\/Gestione%20dei%20cookie\">https:\/\/support.mozilla.org\/it\/kb\/Gestione%20dei%20cookie<\/a><\/p>\n<p>&nbsp;<\/td>\n<\/tr>\n<tr>\n<td>Google Chrome<\/td>\n<td><a href=\"https:\/\/support.google.com\/chrome\/answer\/95647?hl=it\">https:\/\/support.google.com\/chrome\/answer\/95647?hl=it<\/a><\/td>\n<\/tr>\n<tr>\n<td>Internet Explorer\/Microsoft Edge<\/td>\n<td><a href=\"http:\/\/windows.microsoft.com\/it-it\/windows-vista\/block-or-allow-cookies\">http:\/\/windows.microsoft.com\/it-it\/windows-vista\/block-or-allow-cookies<\/a><\/td>\n<\/tr>\n<tr>\n<td>Safari<\/td>\n<td><a href=\"https:\/\/support.apple.com\/it-it\/guide\/safari\/sfri11471\/mac\">https:\/\/support.apple.com\/it-it\/guide\/safari\/sfri11471\/mac<\/a><\/td>\n<\/tr>\n<tr>\n<td>Safari su iPhone, iPad, o iPod touch<\/td>\n<td><a href=\"https:\/\/support.apple.com\/it-it\/HT201265\">https:\/\/support.apple.com\/it-it\/HT201265<\/a><\/td>\n<\/tr>\n<\/tbody>\n<\/table>\n<p>&nbsp;<\/p>\n<p>Puoi esercitare i tuoi diritti ai sensi della nLPD contattando il Titolare del trattamento all\u2019indirizzo <a href=\"mailto:privacy@ttssa.ch\">privacy@ttssa.ch<\/a><\/p>\n<ol start=\"4\">\n<li><strong> VERSIONE IN VIGORE, MODIFICHE ED AGGIORNAMENTI<\/strong><\/li>\n<\/ol>\n<p>Al fine di garantire che la nostra Informativa sia sempre conforme alle disposizioni di legge vigenti, ci riserviamo il diritto di apportare modifiche in qualsiasi momento.<\/p>\n<p>&nbsp;<\/p>\n<p><strong>Data dell\u2019ultimo aggiornamento: 01\/02\/2024<\/strong><\/p>\n<\/div><\/div><\/div><\/div><\/section><div class=\"vc_row-full-width vc_clearfix\"><\/div>\n<\/section>","protected":false},"excerpt":{"rendered":"COOKIE POLICY La presente \u201cinformativa\u201d sul trattamento dei dati personali rispetta quanto previsto dalla Legge Federale sulla Protezione dei dati (\u00abart 19 LPD\u00bb) e dalla legge sulle telecomunicazioni LTC art 45c. In questa Informativa sono riportate le informazioni sul trattamento dei dati dell\u2019utente effettuato dal Titolare del Trattamento (in seguito meglio definito) che, segnatamente, tramite il nostro sito web interagisce con noi. Questi siti web utilizzano i cookie. https:\/\/pozzoliholding.ch\/ https:\/\/ttssa.ch\/ https:\/\/www.bluebirdind.ch\/it\/ https:\/\/lares-sagl.ch\/ Utilizziamo i cookie per necessit\u00e0 tecniche di navigazione (sempre attivi), per personalizzare i contenuti, per annunci, per fornire funzioni di social media e per analizzare il nostro traffico. I cookie sono piccoli file di dati salvati di norma sul computer\/browser dell\u2019utente. Per maggiori informazioni sui cookie, si prega di visitare questo sito: \u00a0https:\/\/allaboutcookies.org\/ Questa cookie policy \u00e8 collegata alla privacy policy del nostro sito web, che pu\u00f2 essere consultata qui: LINK IDENTIT\u00c0 E CONTATTI DEL TITOLARE DEL TRATTAMENTO L\u2019entit\u00e0 che determina le finalit\u00e0 e i mezzi del presente trattamento di dati personali \u00e8 TTS Ticino Truck Service SA, una societ\u00e0 di diritto svizzero con sede legale in Via Cantonale 67 6805 Mezzovico (nel seguito definita anche \u201cTTS\u201d o \u201cTitolare del trattamento\u201d o \u201cSociet\u00e0\u201d). Il Titolare del trattamento dei...","protected":false},"author":3,"featured_media":0,"parent":0,"menu_order":0,"comment_status":"closed","ping_status":"closed","template":"","meta":{"footnotes":""},"class_list":["post-352","page","type-page","status-publish","hentry"],"_links":{"self":[{"href":"https:\/\/www.pozzoliholding.ch\/en\/wp-json\/wp\/v2\/pages\/352","targetHints":{"allow":["GET"]}}],"collection":[{"href":"https:\/\/www.pozzoliholding.ch\/en\/wp-json\/wp\/v2\/pages"}],"about":[{"href":"https:\/\/www.pozzoliholding.ch\/en\/wp-json\/wp\/v2\/types\/page"}],"author":[{"embeddable":true,"href":"https:\/\/www.pozzoliholding.ch\/en\/wp-json\/wp\/v2\/users\/3"}],"replies":[{"embeddable":true,"href":"https:\/\/www.pozzoliholding.ch\/en\/wp-json\/wp\/v2\/comments?post=352"}],"version-history":[{"count":1,"href":"https:\/\/www.pozzoliholding.ch\/en\/wp-json\/wp\/v2\/pages\/352\/revisions"}],"predecessor-version":[{"id":353,"href":"https:\/\/www.pozzoliholding.ch\/en\/wp-json\/wp\/v2\/pages\/352\/revisions\/353"}],"wp:attachment":[{"href":"https:\/\/www.pozzoliholding.ch\/en\/wp-json\/wp\/v2\/media?parent=352"}],"curies":[{"name":"wp","href":"https:\/\/api.w.org\/{rel}","templated":true}]}}