{"id":354,"date":"2024-04-10T14:18:19","date_gmt":"2024-04-10T12:18:19","guid":{"rendered":"https:\/\/pozzoliholding.ch\/privacy-policy\/"},"modified":"2024-04-10T15:15:49","modified_gmt":"2024-04-10T13:15:49","slug":"privacy-policy","status":"publish","type":"page","link":"https:\/\/www.pozzoliholding.ch\/en\/privacy-policy\/","title":{"rendered":"Privacy policy"},"content":{"rendered":"<section class=\"wpb-content-wrapper\"><section data-vc-full-width=\"true\" data-vc-full-width-init=\"false\" data-vc-stretch-content=\"true\" class=\"vc_row wpb_row vc_row-fluid  vc_custom_1712752196717 vc_row-has-fill pofo-stretch-content vc_row-no-padding vc_row-o-content-bottom vc_row-flex pofo-row-responsive-69f58182388e6\" style=\"min-height: 600px;\"><div class=\"wpb_column vc_column_container vc_col-sm-12  col-xs-mobile-fullwidth\"><div class=\"vc_column-inner \"><div class=\"wpb_wrapper\"><div class=\"vc_row wpb_row vc_inner vc_row-fluid   vc_row-o-content-bottom vc_row-flex\"><div class=\"wpb_column vc_column_container vc_col-sm-12  col-xs-mobile-fullwidth wow fadeIn text-center md-text-center sm-text-center xs-text-center pofo-column-responsive-69f5818238ae5\" data-wow-delay= 300ms><div class=\"vc_column-inner vc_custom_1712751583303\"><div class=\"wpb_wrapper\"><div class=\"last-paragraph-no-margin\" style=\"color: #ffffff;\"><h1>PRIVACY POLICY<\/h1>\n<\/div><\/div><\/div><\/div><\/div><\/div><\/div><\/div><\/section><div class=\"vc_row-full-width vc_clearfix\"><\/div><section data-vc-full-width=\"true\" data-vc-full-width-init=\"false\" class=\"vc_row wpb_row vc_row-fluid  vc_custom_1712751559531 pofo-stretch-content pofo-stretch-row-container vc_row-o-content-bottom vc_row-flex pofo-row-responsive-69f5818238c1a\"><div class=\"wpb_column vc_column_container vc_col-sm-12  col-xs-mobile-fullwidth wow fadeIn\" data-wow-delay= 300ms><div class=\"vc_column-inner \"><div class=\"wpb_wrapper\"><div class=\"last-paragraph-no-margin\"><p>La presente informativa sul trattamento dei dati personali rispetta quanto previsto dalla Legge Federale sulla Protezione dei dati (\u00abart 19 LPD\u00bb). In questa Informativa sono riportate in maniera trasparente le informazioni sui trattamenti dei dati dell\u2019utente effettuati dal Titolare del trattamento (in seguito meglio definito) che, segnatamente, tramite il nostro sito web e i siti collegati al Gruppo Tarchini comunica con noi o, in qualsiasi modo, interagisce con noi.<\/p>\n<ol>\n<li><strong> IDENTIT\u00c0 E CONTATTI DEL TITOLARE DEL TRATTAMENTO<\/strong><\/li>\n<\/ol>\n<p>L\u2019entit\u00e0 che determina le finalit\u00e0 e i mezzi del presente trattamento di dati personali \u00e8 <strong>TTS Ticino Truck Service SA<\/strong>, una societ\u00e0 di diritto svizzero con sede legale in <strong>Via Cantonale 67 6805 Mezzovico <\/strong>(nel seguito definita anche \u201c<strong>TTS<\/strong>\u201d o \u201cTitolare del trattamento\u201d o \u201cSociet\u00e0\u201d).<\/p>\n<p>Il Titolare del trattamento dei dati pu\u00f2 essere contattato scrivendo alla seguente e-mail: <a href=\"mailto:privacy@ttssa.ch\">privacy@ttssa.ch<\/a><\/p>\n<p>I siti web sotto riportati sono collegati al Gruppo Tarchini e al Titolare del Trattamento<\/p>\n<p><a href=\"https:\/\/pozzoliholding.ch\/en\/\">https:\/\/pozzoliholding.ch\/<\/a><\/p>\n<p><a href=\"https:\/\/ttssa.ch\/\">https:\/\/ttssa.ch\/<\/a><\/p>\n<p><a href=\"https:\/\/www.bluebirdind.ch\/it\/\">https:\/\/www.bluebirdind.ch\/it\/<\/a><\/p>\n<p><a href=\"https:\/\/lares-sagl.ch\/\">https:\/\/lares-sagl.ch\/<\/a><\/p>\n<ol start=\"2\">\n<li><strong> CATEGORIE DI DATI PERSONALI OGGETTO DEL TRATTAMENTO <\/strong><\/li>\n<\/ol>\n<p>I dati personali forniti \u2013 o altrimenti acquisiti in conformit\u00e0 delle disposizioni legislative e contrattuali in vigore \u2013 inerenti, connessi e\/o strumentali alla valutazione della tua carriera in TARCHINI GROUP, saranno trattati ai sensi dell\u2019ART 5 della nLPD e degli obblighi di riservatezza. In particolare, effettueremo il trattamento dei dati personali e dei dati sensibili come indicato nel seguito:<\/p>\n<ul>\n<li><strong><em>Dati personali<\/em><\/strong><strong>:<\/strong> tutte le informazioni relative a una persona identificata o identificabile.<\/li>\n<li><strong><em>Dati personali degni di particolare attenzione:<\/em><\/strong> ossia, riguardanti:\n<ul>\n<li>opinioni o attivit\u00e0 di natura religiosa, ideologica, politica o sindacale;<\/li>\n<li>la salute fisica, la sfera intima o l\u2019origine etnica;<\/li>\n<li>misure di assistenza sociale;<\/li>\n<li>procedimenti e sanzioni penali o amministrativi.<\/li>\n<\/ul>\n<\/li>\n<\/ul>\n<p>Inoltre, il Titolare del trattamento pu\u00f2 venire a conoscenza di dati riguardanti:<\/p>\n<ul>\n<li>lo stato di salute (ad es., assenza dovuta a malattia, maternit\u00e0, incidente, ecc.)<\/li>\n<li>l\u2019appartenenza a sindacati e partiti politici<\/li>\n<li>lo svolgimento di incarichi pubblici (uso di permessi, aspettative, ecc.)<\/li>\n<li>credenze religiose (festivit\u00e0 ammesse per legge)<\/li>\n<\/ul>\n<ul>\n<li><strong><em>Dati personali di terzi<\/em><\/strong>: in aggiunta ai Dati personali che ti riguardano, puoi inoltre fornire alla Societ\u00e0 i Dati personali di terzi, in particolare di altri familiari, per le finalit\u00e0 di gestione e amministrazione delle risorse umane, tra cui i benefici e i contatti in caso di emergenza. Prima di fornire tali dati, devi informare le persone interessate riguardo ai contenuti della presente informativa sulla privacy.<\/li>\n<li><strong><em>Persone interessate<\/em><\/strong><strong>:<\/strong> persone fisiche o giuridiche i cui dati sono oggetto del trattamento.<\/li>\n<li><strong><em>Trattamento<\/em><\/strong>: qualsiasi operazione relativa ai dati personali, indipendentemente dai mezzi e dalle procedure adottati, e segnatamente la raccolta, la conservazione, l\u2019uso, la revisione, la comunicazione, l\u2019archiviazione o la distruzione dei dati.<\/li>\n<li><strong><em>Comunicazione<\/em><\/strong>: ossia, rendere i dati personali accessibili, ad esempio consentendone l\u2019accesso, la trasmissione o la pubblicazione.<\/li>\n<\/ul>\n<p>&nbsp;<\/p>\n<ol start=\"3\">\n<li><strong> DATA PROTECTION \u2013 DESTINATARI DATI PERSONALI<\/strong><\/li>\n<\/ol>\n<p>In base all\u2019art. 6 della nLPD per garantire un trattamento dei Suoi dati il pi\u00f9 corretto e trasparente possibile, deve essere a conoscenza del fatto che:<\/p>\n<ul>\n<li>I Suoi dati personali sono trattati e archiviati dal Titolare del Trattamento o dai Responsabili del Trattamento per conto del Titolare stesso; i trattamenti e l\u2019archiviazione dei dati trattati vengono effettuati in modalit\u00e0 cartacea oppure in modalit\u00e0 elettronica con archivi ubicati presso la sede aziendale e in taluni casi, presso le sedi dei Responsabili del Trattamento cos\u00ec come individuati e nominati.<\/li>\n<li>Presso il Titolare del Trattamento, i Suoi dati personali potranno essere trattati da Soggetti espressamente autorizzati dal Titolare del Trattamento secondo esigenze organizzative del Titolare stesso e nel completo rispetto dei principi della LPD.<\/li>\n<li>Ogni trattamento avviene nel rispetto delle modalit\u00e0 di cui agli artt. 6 e 8 della nLPD e mediante l&#8217;adozione delle adeguate misure di sicurezza ed organizzative dell\u2019ordinanza OPDa capitolo 1.<\/li>\n<\/ul>\n<ul>\n<li>La durata del trattamento, nel rispetto dei principi di liceit\u00e0, limitazione delle finalit\u00e0 e minimizzazione dei dati, \u00e8 determinata per un arco temporale non superiore al conseguimento delle finalit\u00e0 per le quali i dati sono raccolti e trattati, nel rispetto dei tempi obbligatori prescritti dalla legge.<\/li>\n<\/ul>\n<p>Nello specifico, possiamo condividere i dati personali raccolti con le seguenti categorie di destinatari (lista non esaustiva):<\/p>\n<ol>\n<li>Soggetti che forniscono servizi per la manutenzione del sistema infrastrutturale ed informativo e applicativo in uso e delle reti di telecomunicazioni (compresi strumenti ed e-mail); hosting, web agency, webmaster<\/li>\n<li>Ditte o societ\u00e0 di consulenza e assistenza<\/li>\n<li>autorit\u00e0 competenti per il rispetto degli obblighi di legge e\/o delle disposizioni degli enti pubblici;<\/li>\n<li>Societ\u00e0 del gruppo per esigenze organizzative, amministrative e contabili.<\/li>\n<\/ol>\n<p>&nbsp;<\/p>\n<p>&nbsp;<\/p>\n<ol start=\"4\">\n<li><strong> SCOPI TRATTAMENTI E PERIODO DI CONSERVAZIONE DEI DATI<\/strong><\/li>\n<\/ol>\n<table width=\"100%\">\n<tbody>\n<tr>\n<td width=\"15%\"><strong>Pos<\/strong><\/td>\n<td width=\"40%\"><strong>SCOPO DEL TRATTAMENTO | MOTIVO GIUSTIFICATIVO<\/strong><\/td>\n<td width=\"45%\"><strong>PERIODO DI CONSERVAZIONE DEI DATI<\/strong><\/td>\n<\/tr>\n<tr>\n<td><strong>A<\/strong><\/td>\n<td>Attivit\u00e0 strettamente <strong>NECESSARIE<\/strong> alla <strong>NAVIGAZIONE<\/strong> dell\u2019utente su questo sito Internet e per controllare il suo corretto funzionamento.<\/td>\n<td>I dati saranno conservati fino al termine della sessione di navigazione. Per i dati trattati con cookie tecnici. Si prega di consultare la nostra Cookie Policy (link)<\/td>\n<\/tr>\n<tr>\n<td><strong>B<\/strong><\/td>\n<td>Ottenere informazioni <strong>statistiche<\/strong> anonime sull\u2019uso del sito, informazioni <strong>marketing<\/strong>, <strong>pubblicitarie e analitiche<\/strong><\/td>\n<td>Si prega di consultare la nostra Cookie Policy (link)<\/td>\n<\/tr>\n<tr>\n<td><strong>C<\/strong><\/td>\n<td>Pagina <strong>CONTATTI<\/strong> con lo scopo di dare seguito alle richieste dell\u2019interessato in merito a prodotti e servizi tramite mail aziendale<\/td>\n<td>I dati saranno conservati per il tempo necessario a raggiungere la finalit\u00e0 e potranno essere conservati fino a 10 anni qualora venga instaurato un rapporto commerciale<\/td>\n<\/tr>\n<tr>\n<td><strong>D<\/strong><\/td>\n<td>\n<p>Attivit\u00e0 di<strong> DIRECT MARKETING, Form: <\/strong><\/p>\n<p><strong>ISCRIVITI alla Nostra Newsletter, <\/strong>con strumenti automatizzati: newsletter tramite mail, messaggi sms, telefonata, social o posta cartacea con materiale promozionale, commerciale o pubblicitario.<\/td>\n<td>I dati saranno conservati fino alla revoca del consenso prestato, e potranno essere conservati fino a 10 anni qualora venga instaurato un rapporto commerciale<\/td>\n<\/tr>\n<tr>\n<td><strong>E<\/strong><\/td>\n<td><strong>Attivit\u00e0 di Registrazione Account e Login<\/strong>.\u00a0Per effettuare acquisti on line dei prodotti a catalogo.<\/td>\n<td>I dati saranno conservati fino alla revoca del consenso prestato<\/td>\n<\/tr>\n<tr>\n<td><strong>F<\/strong><\/td>\n<td>Registrazione di immagini video (no audio) <strong>Videosorveglianza<\/strong> per la gestione della protezione della propriet\u00e0 di beni mobili e immobili aziendali di TTS SA<\/td>\n<td>Si prega di consultare la nostra Privacy Policy della Videosorveglianza (link)<\/td>\n<\/tr>\n<\/tbody>\n<\/table>\n<ol start=\"5\">\n<li><strong> TRASFERIMENTO DEI DATI PERSONALI AL DI FUORI DELLA CONFEDERAZIONE <\/strong><\/li>\n<\/ol>\n<p>I dati personali non vengono comunicati fuori dal territorio della Confederazione.<\/p>\n<p>Si precisa che, nel caso in cui sia prevista la comunicazione di dati all\u2019esterno della Svizzera, essa avverr\u00e0 conformemente alle disposizioni della LPD, in particolare sulle seguenti basi:<\/p>\n<ul>\n<li>in presenza di adeguate garanzie, nella fattispecie misure contrattuali, volte a garantire un\u2019adeguata protezione all\u2019estero;<\/li>\n<li>il trattamento \u00e8 direttamente collegato alla conclusione o esecuzione di un contratto e i dati oggetto del trattamento riguardano l\u2019altra parte;<\/li>\n<li>la comunicazione ha luogo all\u2019interno della stessa entit\u00e0 legale o societ\u00e0 o tra entit\u00e0 legali o societ\u00e0 sotto un\u2019unica gestione, a condizione che l\u2019emittente e il ricevente rispettino norme volte a garantire un\u2019adeguata protezione dei dati<\/li>\n<\/ul>\n<ol start=\"6\">\n<li><strong> DIRITTI DELLA PERSONA INTERESSATA <\/strong><\/li>\n<\/ol>\n<p>Alla Persona interessata vengono garantiti i seguenti diritti (lista non esaustiva), i quali possono essere esercitati in ogni momento mediante richiesta effettuata in forma scritta ai contatti del Titolare del trattamento sopraindicati:<\/p>\n<ul>\n<li>Potete in qualsiasi momento e gratuitamente essere informati sui vostri dati personali che stiamo trattando cos\u00ec come ricevere da noi, in formato leggibile, i dati personali forniti.<\/li>\n<li>Se trattiamo vostri dati personali incompleti o inesatti, potete in qualsiasi momento farli rettificare ed essere eventualmente informati sul processo di rettifica. Se non comporta uno sforzo sproporzionato, anche i destinatari verranno informati della rettifica dei dati personali.<\/li>\n<li>Avete il diritto di chiedere al Titolare del trattamento la cancellazione dei dati personali trattati, cos\u00ec come chiederne la limitazione a quanto necessario per lo scopo del trattamento.<\/li>\n<\/ul>\n<p>Per i trattamenti effettuati con cookies e altre tecnologie analoghe, consultate la nostra Cookie Policy.<\/p>\n<p>Pu\u00f2 esercitare i diritti ai sensi della LPD contattando il Titolare all\u2019indirizzo e-mail: <a href=\"mailto:privacy@ttssa.ch\">privacy@ttssa.ch<\/a><\/p>\n<ol start=\"7\">\n<li><strong> VERSIONE IN VIGORE, MODIFICHE ED AGGIORNAMENTI<\/strong><\/li>\n<\/ol>\n<p>Al fine di garantire che la nostra Informativa sia sempre conforme alle disposizioni di legge vigenti, ci riserviamo il diritto di apportare modifiche in qualsiasi momento.<\/p>\n<p><strong>Data dell\u2019ultimo aggiornamento: <\/strong>01\/02\/2024<\/p>\n<\/div><\/div><\/div><\/div><\/section><div class=\"vc_row-full-width vc_clearfix\"><\/div>\n<\/section>","protected":false},"excerpt":{"rendered":"PRIVACY POLICY La presente informativa sul trattamento dei dati personali rispetta quanto previsto dalla Legge Federale sulla Protezione dei dati (\u00abart 19 LPD\u00bb). In questa Informativa sono riportate in maniera trasparente le informazioni sui trattamenti dei dati dell\u2019utente effettuati dal Titolare del trattamento (in seguito meglio definito) che, segnatamente, tramite il nostro sito web e i siti collegati al Gruppo Tarchini comunica con noi o, in qualsiasi modo, interagisce con noi. IDENTIT\u00c0 E CONTATTI DEL TITOLARE DEL TRATTAMENTO L\u2019entit\u00e0 che determina le finalit\u00e0 e i mezzi del presente trattamento di dati personali \u00e8 TTS Ticino Truck Service SA, una societ\u00e0 di diritto svizzero con sede legale in Via Cantonale 67 6805 Mezzovico (nel seguito definita anche \u201cTTS\u201d o \u201cTitolare del trattamento\u201d o \u201cSociet\u00e0\u201d). Il Titolare del trattamento dei dati pu\u00f2 essere contattato scrivendo alla seguente e-mail: privacy@ttssa.ch I siti web sotto riportati sono collegati al Gruppo Tarchini e al Titolare del Trattamento https:\/\/pozzoliholding.ch\/ https:\/\/ttssa.ch\/ https:\/\/www.bluebirdind.ch\/it\/ https:\/\/lares-sagl.ch\/ CATEGORIE DI DATI PERSONALI OGGETTO DEL TRATTAMENTO I dati personali forniti \u2013 o altrimenti acquisiti in conformit\u00e0 delle disposizioni legislative e contrattuali in vigore \u2013 inerenti, connessi e\/o strumentali alla valutazione della tua carriera in TARCHINI GROUP, saranno trattati ai sensi dell\u2019ART 5 della...","protected":false},"author":3,"featured_media":0,"parent":0,"menu_order":0,"comment_status":"closed","ping_status":"closed","template":"","meta":{"footnotes":""},"class_list":["post-354","page","type-page","status-publish","hentry"],"_links":{"self":[{"href":"https:\/\/www.pozzoliholding.ch\/en\/wp-json\/wp\/v2\/pages\/354","targetHints":{"allow":["GET"]}}],"collection":[{"href":"https:\/\/www.pozzoliholding.ch\/en\/wp-json\/wp\/v2\/pages"}],"about":[{"href":"https:\/\/www.pozzoliholding.ch\/en\/wp-json\/wp\/v2\/types\/page"}],"author":[{"embeddable":true,"href":"https:\/\/www.pozzoliholding.ch\/en\/wp-json\/wp\/v2\/users\/3"}],"replies":[{"embeddable":true,"href":"https:\/\/www.pozzoliholding.ch\/en\/wp-json\/wp\/v2\/comments?post=354"}],"version-history":[{"count":1,"href":"https:\/\/www.pozzoliholding.ch\/en\/wp-json\/wp\/v2\/pages\/354\/revisions"}],"predecessor-version":[{"id":355,"href":"https:\/\/www.pozzoliholding.ch\/en\/wp-json\/wp\/v2\/pages\/354\/revisions\/355"}],"wp:attachment":[{"href":"https:\/\/www.pozzoliholding.ch\/en\/wp-json\/wp\/v2\/media?parent=354"}],"curies":[{"name":"wp","href":"https:\/\/api.w.org\/{rel}","templated":true}]}}